{"id":255,"date":"2016-11-19T01:15:13","date_gmt":"2016-11-19T01:15:13","guid":{"rendered":"http:\/\/fastitut.de\/?page_id=255"},"modified":"2019-10-04T11:07:04","modified_gmt":"2019-10-04T11:07:04","slug":"kontakt","status":"publish","type":"page","link":"https:\/\/wohlbehandelt.de\/?page_id=255","title":{"rendered":"Impressum"},"content":{"rendered":"<p>[et_pb_section fb_built=&#8220;1&#8243; admin_label=&#8220;section&#8220; _builder_version=&#8220;3.22&#8243; _i=&#8220;0&#8243; _address=&#8220;0&#8243;][et_pb_row admin_label=&#8220;row&#8220; _builder_version=&#8220;3.25&#8243; background_size=&#8220;initial&#8220; background_position=&#8220;top_left&#8220; background_repeat=&#8220;repeat&#8220; _i=&#8220;0&#8243; _address=&#8220;0.0&#8243; column_structure=&#8220;1_2,1_2&#8243;][et_pb_column type=&#8220;1_2&#8243; _builder_version=&#8220;3.25&#8243; custom_padding=&#8220;|||&#8220; _i=&#8220;0&#8243; _address=&#8220;0.0.0&#8243; custom_padding__hover=&#8220;|||&#8220;][et_pb_blurb title=&#8220;Impressum&#8220; image_max_width=&#8220;none&#8220; admin_label=&#8220;Informationstext&#8220; _builder_version=&#8220;3.0.87&#8243; background_size=&#8220;initial&#8220; background_position=&#8220;top_left&#8220; background_repeat=&#8220;repeat&#8220; use_border_color=&#8220;off&#8220; border_color=&#8220;#ffffff&#8220; border_style=&#8220;solid&#8220; _i=&#8220;0&#8243; _address=&#8220;0.0.0.0&#8243;]<\/p>\n<h5><b>Verantwortlich f\u00fcr den Inhalt:<\/b><\/h5>\n<p>Wolfgang Weise<br \/>\nF\u00f6rchenwaldstr. 15<br \/>\n86956 Schongau<br \/>\n0177 \/ 548 9911<br \/>\n<a href=\"mailto:wolfgang@wohlbehandelt.de\">wolfgang@wohlbehandelt.de<\/a><\/p>\n<p><b>Datenschutz<\/b><br \/>\nDie Betreiber dieser Seiten nehmen den Datenschutz sehr ernst,Ihre Daten werden imRahmen der gesetzlichen Vorschriften gesch\u00fctzt.\u00a0Die Nutzung unserer Webseiten ist ohne Angabe personenbezogener Daten m\u00f6glich. Sofern auf unseren Webseiten personenbezogene Daten erhoben werden, erfolgt dies, soweit m\u00f6glich, auf freiwilliger Basis. Nachfolgend finden Sie Informationen, welche Daten w\u00e4hrend Ihres Besuchs auf der Homepage erfasst\u00a0und wie diese genutzt werden:<\/p>\n<ol>\n<li><strong> Erhebung und Verarbeitung von Daten<\/strong><\/li>\n<\/ol>\n<p>Jeder Zugriff auf unsere Homepage wird protokolliert. Die Speicherung dient internen systembezogenen und statistischen Zwecken.\u00a0Protokolliert werden\u00a0Webbrowser und anfragende Domain und die IP Adressen der anfragenden Rechner.\u00a0Weitergehende personenbezogene Daten werden nur erfasst, wenn Sie diese Angaben freiwillig, etwa im\u00a0Rahmen einer Anfrage machen.<\/p>\n<ol start=\"2\">\n<li><strong> Nutzung und Weitergabe personenbezogener Daten<\/strong><\/li>\n<\/ol>\n<p>Soweit Sie uns personenbezogene Daten zur Verf\u00fcgung gestellt haben, verwenden wir diese nur zur\u00a0Beantwortung Ihrer Anfragen und f\u00fcr die technische Administration.\u00a0Ihre personenbezogenen Daten werden nicht an Dritte weitergegeben oder sonst \u00fcbermittelt.<\/p>\n<p>Die L\u00f6schung von personenbezogenen Daten erfolgt wenn ihre Kenntnis zur Erf\u00fcllung des mit der Speicherung verfolgten Zwecksnicht mehr erforderlich ist oder wenn ihre Speicherung aus sonstigen gesetzlichen Gr\u00fcnden unzul\u00e4ssig\u00a0ist.<\/p>\n<ol start=\"3\">\n<li><strong> Auskunftsrecht<\/strong><\/li>\n<\/ol>\n<p>Auf schriftliche Anfrage werden wir Sie gern \u00fcber die zu Ihrer Person gespeicherten Daten informieren.<\/p>\n<p><strong>Sicherheitshinweis:<\/strong><\/p>\n<p>Wir sind bem\u00fcht, Ihre personenbezogenen Daten durch Ergreifung aller technischen und\u00a0organisatorischen M\u00f6glichkeiten so zu speichern, dass sie f\u00fcr Dritte nicht zug\u00e4nglich sind. Bei der\u00a0Kommunikation per E-Mail bzw. \u00fcber ein Kontaktformular kann die vollst\u00e4ndige Datensicherheit von uns nicht gew\u00e4hrleistet werden, so\u00a0dass wir Ihnen bei vertraulichen Informationen den Postweg empfehlen.<\/p>\n<p>Steuernummer:<br \/>\n168\/286\/40325 Finanzamt Schongau<br \/>\n[\/et_pb_blurb][\/et_pb_column][et_pb_column type=&#8220;1_2&#8243; _builder_version=&#8220;3.25&#8243; custom_padding=&#8220;|||&#8220; _i=&#8220;1&#8243; _address=&#8220;0.0.1&#8243; custom_padding__hover=&#8220;|||&#8220;][et_pb_blurb title=&#8220;Haftung&#8220; image_max_width=&#8220;none&#8220; admin_label=&#8220;Informationstext&#8220; _builder_version=&#8220;3.0.87&#8243; background_size=&#8220;initial&#8220; background_position=&#8220;top_left&#8220; background_repeat=&#8220;repeat&#8220; use_border_color=&#8220;off&#8220; border_color=&#8220;#ffffff&#8220; border_style=&#8220;solid&#8220; _i=&#8220;0&#8243; _address=&#8220;0.0.1.0&#8243;]<b>Haftung f\u00fcr Inhalte<\/b><br \/>\nAls Diensteanbieter sind wir gem\u00e4\u00df \u00a77 Abs.1 TMG f\u00fcr eigene Inhalte auf diesen Seiten nach den allgemeinen Gesetzen verantwortlich. Nach \u00a7\u00a78 bis 10 TMG sind wir als Diensteanbieter jedoch nicht verpflichtet, \u00fcbermittelte oder gespeicherte fremde Informationen zu \u00fcberwachen oder nach Umst\u00e4nden zu forschen, die auf eine rechtswidrige T\u00e4tigkeit hinweisen. Verpflichtungen zur Entfernung oder Sperrung der Nutzung von Informationen nach den allgemeinen Gesetzen bleiben davon unber\u00fchrt. Eine diesbez\u00fcgliche Haftung ist jedoch erst ab dem Zeitpunkt der Kenntnis einer konkreten rechtsverletzung m\u00f6glich. Bei Bekanntwerden von entsprechenden Rechtsverletzungen werden wir diese Inhalte umgehend entfernen.<br \/>\n<b>Haftung f\u00fcr Links<\/b><br \/>\nUnser Angebot enth\u00e4lt Links zu externen Webseiten Dritter, auf deren Inhalt wir keinen Einfluss haben. Deswegen k\u00f6nnen wir f\u00fcr diese fremden Inhalte auch keine Gew\u00e4hr \u00fcbernehmen. F\u00fcr die Inhalte der verlinkten Seiten ist stets der jeweilige Anbieter oder Betreiber der Seiten verantwortlich. Die verlinkten Seiten wurden zum Zeitpunkt der Verlinkung auf m\u00f6gliche Rechtsverst\u00f6\u00dfe \u00fcberpr\u00fcft. Rechtswidrige Inhalte waren zum Zeitpunkt der Verlinkung nicht erkennbar. Eine permanente inhaltliche Kontrolle der verlinkten Seiten ist jedoch ohne konkrete Anhaltspunkte einer Rechtsverletzung nicht zumutbar. Bei Bekanntwerden von Rechstverletzungen werden wir derartige Links umgehend entfernen.<br \/>\n<b>Urheberrecht<\/b><br \/>\nDie durch den Seitenbetreiber erstellten Inhalte und Werke auf diesen Seiten unterliegen dem deutschen Urheberrecht. Die Vervielf\u00e4ltigung, Bearbeitung, Verbreitung und jede Art der Verwertung au\u00dferhalb der Grenzen des Urheberrechtes bed\u00fcrfen der schriftlichen Zustimmung des jeweiligen Autors bzw. Erstellers. Downloads und Kopien dieser Seite sind nur f\u00fcr den privaten, nicht kommerziellen Gebrauch gestattet. Soweit die Inhalte auf dieser Seite nicht vom Betreiber erstellt wurde, werden die Urheberrechte Dritter beachtet. Insbesondere werden Inhalte Dritter als solche gekennzeichnet. Sollten Sie trotzdem auf eine Urheberrechtsverletzung aufmerksam werden, bitten wir um einen entsprechenden Hinweis. Bei Bekanntwerden von Rechtsverletzungen werden wir derartige Inhalte umgehend entfernen.<br \/>\n<b>Quellenverweis:<\/b><br \/>\nImpressum: eRecht24<br \/>\n[\/et_pb_blurb][\/et_pb_column][\/et_pb_row][\/et_pb_section]<\/p>\n","protected":false},"excerpt":{"rendered":"<p>Verantwortlich f\u00fcr den Inhalt: Wolfgang Weise F\u00f6rchenwaldstr. 15 86956 Schongau 0177 \/ 548 9911 wolfgang@wohlbehandelt.de Datenschutz Die Betreiber dieser Seiten nehmen den Datenschutz sehr ernst,Ihre Daten werden imRahmen der gesetzlichen Vorschriften gesch\u00fctzt.\u00a0Die Nutzung unserer Webseiten ist ohne Angabe personenbezogener Daten m\u00f6glich. Sofern auf unseren Webseiten personenbezogene Daten erhoben werden, erfolgt dies, soweit m\u00f6glich, auf freiwilliger [&hellip;]<\/p>\n","protected":false},"author":1,"featured_media":0,"parent":0,"menu_order":0,"comment_status":"closed","ping_status":"closed","template":"","meta":{"_et_pb_use_builder":"on","_et_pb_old_content":"","_et_gb_content_width":"","footnotes":""},"class_list":["post-255","page","type-page","status-publish","hentry"],"_links":{"self":[{"href":"https:\/\/wohlbehandelt.de\/index.php?rest_route=\/wp\/v2\/pages\/255","targetHints":{"allow":["GET"]}}],"collection":[{"href":"https:\/\/wohlbehandelt.de\/index.php?rest_route=\/wp\/v2\/pages"}],"about":[{"href":"https:\/\/wohlbehandelt.de\/index.php?rest_route=\/wp\/v2\/types\/page"}],"author":[{"embeddable":true,"href":"https:\/\/wohlbehandelt.de\/index.php?rest_route=\/wp\/v2\/users\/1"}],"replies":[{"embeddable":true,"href":"https:\/\/wohlbehandelt.de\/index.php?rest_route=%2Fwp%2Fv2%2Fcomments&post=255"}],"version-history":[{"count":2,"href":"https:\/\/wohlbehandelt.de\/index.php?rest_route=\/wp\/v2\/pages\/255\/revisions"}],"predecessor-version":[{"id":883,"href":"https:\/\/wohlbehandelt.de\/index.php?rest_route=\/wp\/v2\/pages\/255\/revisions\/883"}],"wp:attachment":[{"href":"https:\/\/wohlbehandelt.de\/index.php?rest_route=%2Fwp%2Fv2%2Fmedia&parent=255"}],"curies":[{"name":"wp","href":"https:\/\/api.w.org\/{rel}","templated":true}]}}