{"id":928,"date":"2023-01-19T15:37:21","date_gmt":"2023-01-19T15:37:21","guid":{"rendered":"https:\/\/wohlbehandelt.de\/?page_id=928"},"modified":"2025-05-08T16:41:54","modified_gmt":"2025-05-08T16:41:54","slug":"schulungen","status":"publish","type":"page","link":"https:\/\/wohlbehandelt.de\/?page_id=928","title":{"rendered":"Schulungen"},"content":{"rendered":"<p>[et_pb_section fb_built=&#8220;1&#8243; custom_padding_last_edited=&#8220;on|desktop&#8220; admin_label=&#8220;section \u00fcber mich&#8220; _builder_version=&#8220;4.16&#8243; custom_padding=&#8220;1px||1px|&#8220; custom_padding_tablet=&#8220;50px|0|50px|0&#8243; custom_padding_phone=&#8220;&#8220; transparent_background=&#8220;off&#8220; padding_mobile=&#8220;off&#8220; make_fullwidth=&#8220;off&#8220; use_custom_width=&#8220;off&#8220; width_unit=&#8220;on&#8220; collapsed=&#8220;off&#8220; global_colors_info=&#8220;{}&#8220;][et_pb_row column_structure=&#8220;1_2,1_2&#8243; padding_mobile=&#8220;off&#8220; column_padding_mobile=&#8220;on&#8220; admin_label=&#8220;row&#8220; _builder_version=&#8220;4.16&#8243; background_size=&#8220;initial&#8220; background_position=&#8220;top_left&#8220; background_repeat=&#8220;repeat&#8220; custom_padding=&#8220;1px||1px|&#8220; make_fullwidth=&#8220;off&#8220; use_custom_width=&#8220;off&#8220; width_unit=&#8220;on&#8220; global_colors_info=&#8220;{}&#8220;][et_pb_column type=&#8220;1_2&#8243; _builder_version=&#8220;4.16&#8243; custom_padding=&#8220;|||&#8220; global_colors_info=&#8220;{}&#8220; custom_padding__hover=&#8220;|||&#8220;][et_pb_blurb title=&#8220;\u00fcber meine Schulungen&#8220; image_icon_width=&#8220;none&#8220; admin_label=&#8220;Informationstext&#8220; _builder_version=&#8220;4.16&#8243; header_font_size=&#8220;32&#8243; background_size=&#8220;initial&#8220; background_position=&#8220;top_left&#8220; background_repeat=&#8220;repeat&#8220; text_orientation=&#8220;center&#8220; use_border_color=&#8220;off&#8220; border_color=&#8220;#ffffff&#8220; border_style=&#8220;solid&#8220; image_max_width=&#8220;none&#8220; global_colors_info=&#8220;{}&#8220;]<\/p>\n<p>Mein Name ist Wolfgang Weise, Jahrgang 1960, und lebe im sch\u00f6nen Schongau, Bayern.<br \/> Als Therapeut bin ich spezialisiert auf die Bowen Therapie sowie auf die Strukturelle Integration gem\u00e4\u00df\u00a0der Methoden von Frau Dr. Ida Rolf.<\/p>\n<p>Durch zahlreiche Weiterbildungen, insbesondere in den Techniken von Sharon Wheeler habe ich zus\u00e4tzlich ein Schulungsangebot aufgebaut.<\/p>\n<p>Neben meiner Praxis biete ich daher auch Schulungen an.<br \/> Als Trainer bzw. Ausbilder komme ich gern zu Dir in Deine R\u00e4ume um mit Deinen Teilnehmern in Deinem Namen die Schulungen durchzuf\u00fchren.<br \/> <span>Nachstehend findest Du mein aktuelles Schulungs-Portfolio, f\u00fcr weitere Fragen nutze bitte das Kontaktformular oder schick mir ne email.<\/span><\/p>\n<p>[\/et_pb_blurb][\/et_pb_column][et_pb_column type=&#8220;1_2&#8243; _builder_version=&#8220;4.16&#8243; custom_padding=&#8220;|||&#8220; global_colors_info=&#8220;{}&#8220; custom_padding__hover=&#8220;|||&#8220;][et_pb_slider admin_label=&#8220;Slider_Bilder WW&#8220; _builder_version=&#8220;4.16&#8243; background_size=&#8220;contain&#8220; custom_padding=&#8220;1px|0px|1px|0px&#8220; custom_padding_tablet=&#8220;|||&#8220; custom_padding_phone=&#8220;|||&#8220; auto=&#8220;on&#8220; auto_speed=&#8220;6000&#8243; button_letter_spacing_hover=&#8220;0&#8243; top_padding=&#8220;1px&#8220; bottom_padding=&#8220;1px&#8220; remove_inner_shadow=&#8220;on&#8220; hide_content_on_mobile=&#8220;off&#8220; hide_cta_on_mobile=&#8220;off&#8220; show_inner_shadow=&#8220;off&#8220; global_colors_info=&#8220;{}&#8220; button_text_size__hover_enabled=&#8220;off&#8220; button_one_text_size__hover_enabled=&#8220;off&#8220; button_two_text_size__hover_enabled=&#8220;off&#8220; button_text_color__hover_enabled=&#8220;off&#8220; button_one_text_color__hover_enabled=&#8220;off&#8220; button_two_text_color__hover_enabled=&#8220;off&#8220; button_border_width__hover_enabled=&#8220;off&#8220; button_one_border_width__hover_enabled=&#8220;off&#8220; button_two_border_width__hover_enabled=&#8220;off&#8220; button_border_color__hover_enabled=&#8220;off&#8220; button_one_border_color__hover_enabled=&#8220;off&#8220; button_two_border_color__hover_enabled=&#8220;off&#8220; button_border_radius__hover_enabled=&#8220;off&#8220; button_one_border_radius__hover_enabled=&#8220;off&#8220; button_two_border_radius__hover_enabled=&#8220;off&#8220; button_letter_spacing__hover_enabled=&#8220;on&#8220; button_letter_spacing__hover=&#8220;0&#8243; button_one_letter_spacing__hover_enabled=&#8220;off&#8220; button_two_letter_spacing__hover_enabled=&#8220;off&#8220; button_bg_color__hover_enabled=&#8220;off&#8220; button_one_bg_color__hover_enabled=&#8220;off&#8220; button_two_bg_color__hover_enabled=&#8220;off&#8220;][et_pb_slide image=&#8220;https:\/\/wohlbehandelt.de\/wp-content\/uploads\/2017\/03\/Behandlung_2a.png&#8220; use_bg_overlay=&#8220;off&#8220; use_text_overlay=&#8220;off&#8220; admin_title=&#8220;Bild_1&#8243; _builder_version=&#8220;4.16&#8243; header_font=&#8220;||||&#8220; body_font=&#8220;||||&#8220; background_color=&#8220;#ffffff&#8220; button_icon_placement=&#8220;right&#8220; button_on_hover=&#8220;on&#8220; global_colors_info=&#8220;{}&#8220; button_text_size__hover_enabled=&#8220;off&#8220; button_one_text_size__hover_enabled=&#8220;off&#8220; button_two_text_size__hover_enabled=&#8220;off&#8220; button_text_color__hover_enabled=&#8220;off&#8220; button_one_text_color__hover_enabled=&#8220;off&#8220; button_two_text_color__hover_enabled=&#8220;off&#8220; button_border_width__hover_enabled=&#8220;off&#8220; button_one_border_width__hover_enabled=&#8220;off&#8220; button_two_border_width__hover_enabled=&#8220;off&#8220; button_border_color__hover_enabled=&#8220;off&#8220; button_one_border_color__hover_enabled=&#8220;off&#8220; button_two_border_color__hover_enabled=&#8220;off&#8220; button_border_radius__hover_enabled=&#8220;off&#8220; button_one_border_radius__hover_enabled=&#8220;off&#8220; button_two_border_radius__hover_enabled=&#8220;off&#8220; button_letter_spacing__hover_enabled=&#8220;off&#8220; button_one_letter_spacing__hover_enabled=&#8220;off&#8220; button_two_letter_spacing__hover_enabled=&#8220;off&#8220; button_bg_color__hover_enabled=&#8220;off&#8220; button_one_bg_color__hover_enabled=&#8220;off&#8220; button_two_bg_color__hover_enabled=&#8220;off&#8220; sticky_transition=&#8220;on&#8220;] [\/et_pb_slide][et_pb_slide heading=&#8220;NVR mit Kier Schumaker&#8220; image=&#8220;https:\/\/wohlbehandelt.de\/wp-content\/uploads\/2023\/01\/NAM-March_2018-e1674313076850.jpg&#8220; admin_title=&#8220;Bild_NAM&#8220; _builder_version=&#8220;4.16&#8243; global_colors_info=&#8220;{}&#8220; sticky_transition=&#8220;on&#8220;][\/et_pb_slide][et_pb_slide heading=&#8220;ScarWork mit Sharon&#8220; image=&#8220;https:\/\/wohlbehandelt.de\/wp-content\/uploads\/2023\/01\/Sharon_WW_1a-e1674315463335.jpg&#8220; admin_title=&#8220;Bild Sharon_1&#8243; _builder_version=&#8220;4.16&#8243; global_colors_info=&#8220;{}&#8220; sticky_transition=&#8220;on&#8220;][\/et_pb_slide][et_pb_slide heading=&#8220;Cranium mit Sharon&#8220; image=&#8220;https:\/\/wohlbehandelt.de\/wp-content\/uploads\/2023\/01\/Sharon_WW_2a-e1674314605315.jpg&#8220; admin_title=&#8220;Bild_Sharon 2&#8243; _builder_version=&#8220;4.16&#8243; global_colors_info=&#8220;{}&#8220; sticky_transition=&#8220;on&#8220;][\/et_pb_slide][\/et_pb_slider][\/et_pb_column][\/et_pb_row][\/et_pb_section][et_pb_section fb_built=&#8220;1&#8243; custom_padding_last_edited=&#8220;on|desktop&#8220; admin_label=&#8220;Sektion Schulungen&#8220; _builder_version=&#8220;4.16&#8243; background_color=&#8220;#ffffcc&#8220; custom_padding=&#8220;1px||1px|&#8220; custom_padding_tablet=&#8220;50px|0|50px|0&#8243; custom_padding_phone=&#8220;&#8220; transparent_background=&#8220;off&#8220; padding_mobile=&#8220;off&#8220; make_fullwidth=&#8220;off&#8220; use_custom_width=&#8220;off&#8220; width_unit=&#8220;on&#8220; collapsed=&#8220;off&#8220; global_colors_info=&#8220;{}&#8220;][et_pb_row column_structure=&#8220;1_2,1_2&#8243; admin_label=&#8220;Zeile Hallux&#8220; _builder_version=&#8220;4.16&#8243; collapsed=&#8220;on&#8220; global_colors_info=&#8220;{}&#8220;][et_pb_column type=&#8220;1_2&#8243; _builder_version=&#8220;4.16&#8243; global_colors_info=&#8220;{}&#8220;][et_pb_image src=&#8220;https:\/\/wohlbehandelt.de\/wp-content\/uploads\/2023\/01\/Hallux_valgus-e1674207459528.jpg&#8220; admin_label=&#8220;Bild Hallux&#8220; _builder_version=&#8220;4.16&#8243; global_colors_info=&#8220;{}&#8220;][\/et_pb_image][\/et_pb_column][et_pb_column type=&#8220;1_2&#8243; _builder_version=&#8220;4.16&#8243; global_colors_info=&#8220;{}&#8220;][et_pb_text admin_label=&#8220;Text Hallux&#8220; _builder_version=&#8220;4.16&#8243; global_colors_info=&#8220;{}&#8220;]<\/p>\n<h2>Hallux: Mythen und M\u00f6glichkeiten<\/h2>\n<p>&nbsp;<\/p>\n<p>Dieser Kurs besch\u00e4ftigt sich mit den Grundlagen, den Ursachen, den Mythen und den verschiedenen Behandlungsm\u00f6glichkeiten rund um den Hallux Valgus. Du lernst den Hallux zu erkennen und einzusch\u00e4tzen, welche Behandlungsoptionen m\u00f6glich sind und welche Mythen ernst zu nehmen oder Bl\u00f6dsinn sind.<\/p>\n<p>Im praktischen Teil lernst Du mehrere einfache manuelle Behandlungsmethoden um die Auswirkungen des Hallux zu reduzieren.<span style=\"font-size: 14px;\">\u00a0<\/span><\/p>\n<p>Dieser Kurs steht allen interessierten Therapeuten der manuellen Therapie offen, insbesondere Rolfern, Physio- und Bewegungs-Therapeuten, Osteopathen oder Chiropraktikern. Aber auch Yoga, Pilates und andere Bewegungstherapeuten profitieren vom Bodyreading.<span style=\"font-size: 14px;\">\u00a0<\/span><\/p>\n<p>Der Kurs erstreckt sich \u00fcber 1 Tag (8 Stunden), meist am Freitag, Samstag oder Sonntag.<\/p>\n<p>&nbsp;<\/p>\n<p>[\/et_pb_text][\/et_pb_column][\/et_pb_row][et_pb_row admin_label=&#8220;Zeile Teiler&#8220; _builder_version=&#8220;4.16&#8243; collapsed=&#8220;on&#8220; global_colors_info=&#8220;{}&#8220;][et_pb_column type=&#8220;4_4&#8243; _builder_version=&#8220;4.16&#8243; global_colors_info=&#8220;{}&#8220;][et_pb_divider admin_label=&#8220;Teiler&#8220; _builder_version=&#8220;4.16&#8243; global_colors_info=&#8220;{}&#8220;][\/et_pb_divider][\/et_pb_column][\/et_pb_row][et_pb_row column_structure=&#8220;1_2,1_2&#8243; admin_label=&#8220;Zeile Faszien&#8220; _builder_version=&#8220;4.21.0&#8243; collapsed=&#8220;off&#8220; global_colors_info=&#8220;{}&#8220;][et_pb_column type=&#8220;1_2&#8243; _builder_version=&#8220;4.16&#8243; global_colors_info=&#8220;{}&#8220;][et_pb_text admin_label=&#8220;Text Faszien&#8220; _builder_version=&#8220;4.21.0&#8243; global_colors_info=&#8220;{}&#8220;]<\/p>\n<h2>Faszien in der Manuellen Therapie<\/h2>\n<p>Faszien sind ein faszinierendes Sinnesorgan, es umh\u00fcllt Organe, Muskeln, Blut- und Nervenversorgung und gibt dem K\u00f6rper seine Form. Faszien sind das Organ der Struktur.<\/p>\n<p>Dieser Kurs beleuchtet Faszien aus Sicht der Anatomie, erkl\u00e4rt den Einfluss auf unsere Bewegungen und die Wechselwirkung zwischen Faszienbahnen, Einschr\u00e4nkung der Beweglichkeit, Schmerzen und Fehlhaltung. Im praktischen Teil lernst du die \u00e4u\u00dferen Faszien und inneren Faszien zu l\u00f6sen, mit dem Ziel diese Techniken sofort in deinem Praxisalltag zu nutzen.<\/p>\n<p>Dieser Kurs steht allen interessierten Therapeuten der manuellen Therapie offen, insbesondere Massageur:innen, Physio- und Bewegungs-Therapeuten, Osteopathen oder Chiropraktikern. Aber auch Yoga, Pilates und andere Bewegungstherapeuten profitieren vom Bodyreading.<\/p>\n<p>Der Kurs erstreckt sich \u00fcber zwei Module d.h. 2 mal 2,5 Tage (40 Stunden), meist von Freitag mittag bis Sonntag abend.<\/p>\n<p>[\/et_pb_text][\/et_pb_column][et_pb_column type=&#8220;1_2&#8243; _builder_version=&#8220;4.16&#8243; global_colors_info=&#8220;{}&#8220;][et_pb_image src=&#8220;https:\/\/wohlbehandelt.de\/wp-content\/uploads\/2024\/01\/Faszien_3-1024&#215;685.jpg&#8220; title_text=&#8220;Faszien_3&#8243; admin_label=&#8220;Bild Faszien&#8220; _builder_version=&#8220;4.21.0&#8243; global_colors_info=&#8220;{}&#8220;][\/et_pb_image][\/et_pb_column][\/et_pb_row][et_pb_row admin_label=&#8220;Zeile Teiler&#8220; _builder_version=&#8220;4.16&#8243; collapsed=&#8220;on&#8220; global_colors_info=&#8220;{}&#8220;][et_pb_column type=&#8220;4_4&#8243; _builder_version=&#8220;4.16&#8243; global_colors_info=&#8220;{}&#8220;][et_pb_divider admin_label=&#8220;Teiler&#8220; _builder_version=&#8220;4.16&#8243; global_colors_info=&#8220;{}&#8220;][\/et_pb_divider][\/et_pb_column][\/et_pb_row][et_pb_row column_structure=&#8220;1_2,1_2&#8243; admin_label=&#8220;Zeile BoneWork&#8220; _builder_version=&#8220;4.16&#8243; collapsed=&#8220;on&#8220; global_colors_info=&#8220;{}&#8220;][et_pb_column type=&#8220;1_2&#8243; _builder_version=&#8220;4.16&#8243; global_colors_info=&#8220;{}&#8220;][et_pb_image src=&#8220;https:\/\/wohlbehandelt.de\/wp-content\/uploads\/2018\/08\/Knochen-02.jpg&#8220; admin_label=&#8220;Bild BoneWork&#8220; _builder_version=&#8220;4.16&#8243; global_colors_info=&#8220;{}&#8220;][\/et_pb_image][\/et_pb_column][et_pb_column type=&#8220;1_2&#8243; _builder_version=&#8220;4.16&#8243; global_colors_info=&#8220;{}&#8220;][et_pb_text admin_label=&#8220;Text BoneWork&#8220; _builder_version=&#8220;4.16&#8243; global_colors_info=&#8220;{}&#8220;]<\/p>\n<h2>BoneWork<\/h2>\n<p>Dieser Kurs pr\u00e4sentiert die bahnbrechende Techniken von Sharon Wheeler zur Knochenkorrektur. Mittels verschiedener Techniken aus dem Bereich der &#8222;<span>faszialen Plastizit\u00e4t von Knochen&#8220; kann die Struktur der Knochen als auch die Position der Knochen zueinander ge\u00e4ndert werden. Die beiden Techniken die in diesem Workshop gelehrt werden sind: Knochen-Ver\u00e4nderung und Knochen-Rollen.\u00a0Die Anwendung dieser Techniken verwendet pr\u00e4zis gesetzten manuellen Druck auf fasziale Strukturen des Knochens. Dauerhafte Verformungen, die von schlecht verheilten Knochenbr\u00fcchen oder von Narben des Knochens herr\u00fchren, werden durch die Knochen-Ver\u00e4nderung innerhalb weniger Momente ausgeglichen. Fehlstellungen der Knochen zueinander werden durch Knochen-Rollen korrigiert. Die Ergebnisse sind permanent.<\/span><\/p>\n<p>Der Kurs erstreckt sich \u00fcber 4,5 Tage, 4 Tage jeweils 09:00 bis 17:00 incl. Pausen sowie einen halben Tag f\u00fcr Fragen und Wiederholungen. Die Teilnehmer behandeln sowohl sich gegenseiting als auch externe freiwillige Modells.<\/p>\n<p>[\/et_pb_text][\/et_pb_column][\/et_pb_row][et_pb_row admin_label=&#8220;Zeile Teiler&#8220; _builder_version=&#8220;4.16&#8243; collapsed=&#8220;on&#8220; global_colors_info=&#8220;{}&#8220;][et_pb_column type=&#8220;4_4&#8243; _builder_version=&#8220;4.16&#8243; global_colors_info=&#8220;{}&#8220;][et_pb_divider admin_label=&#8220;Teiler&#8220; _builder_version=&#8220;4.16&#8243; global_colors_info=&#8220;{}&#8220;][\/et_pb_divider][\/et_pb_column][\/et_pb_row][et_pb_row column_structure=&#8220;1_2,1_2&#8243; admin_label=&#8220;Zeile Cranium&#8220; _builder_version=&#8220;4.21.0&#8243; hover_enabled=&#8220;0&#8243; collapsed=&#8220;off&#8220; global_colors_info=&#8220;{}&#8220; sticky_enabled=&#8220;0&#8243;][et_pb_column type=&#8220;1_2&#8243; _builder_version=&#8220;4.16&#8243; global_colors_info=&#8220;{}&#8220;][et_pb_text admin_label=&#8220;Text Cranium&#8220; _builder_version=&#8220;4.21.0&#8243; hover_enabled=&#8220;0&#8243; global_colors_info=&#8220;{}&#8220; sticky_enabled=&#8220;0&#8243;]<\/p>\n<h2>Cranium<\/h2>\n<p>Die Behandlung der Sch\u00e4delknochen und das Aufl\u00f6sen von Spannungen im Kopfbereich haben einen besonderen Stellenwert in den Techniken von Sharon Wheeler. \u00c4nderungen an Sch\u00e4delform und- Struktur sind Lebensver\u00e4ndernd und unmittelbar sp\u00fcrbar. Die \u00c4nderungen sind permanent, wirksam auch bei Kleinkindern und Jugendlichen.<\/p>\n<p>Dieser Kurs schult den &#8222;Cranium Torque&#8220; sowie intra-orale und intra-nasale Techniken. Dadurch lassen sich Spannungen und Deformationen im Sch\u00e4del aufl\u00f6sen, der Sch\u00e4del erh\u00e4lt eine nat\u00fcrliche, spannungsfreie Form.<\/p>\n<p>Der Kurs erstreckt sich \u00fcber 4 Tage, \u00a0jeweils 09:00 bis 17:00 incl. Pausen sowie ausreichend Zeit f\u00fcr Fragen und Wiederholungen. Die Teilnehmer behandeln sowohl sich gegenseiting als auch externe freiwillige Modells.<\/p>\n<p>[\/et_pb_text][\/et_pb_column][et_pb_column type=&#8220;1_2&#8243; _builder_version=&#8220;4.16&#8243; global_colors_info=&#8220;{}&#8220;][et_pb_image src=&#8220;https:\/\/wohlbehandelt.de\/wp-content\/uploads\/2025\/05\/Fotolia_169691053_XS.jpg&#8220; admin_label=&#8220;Bild Cranium&#8220; _builder_version=&#8220;4.21.0&#8243; hover_enabled=&#8220;0&#8243; global_colors_info=&#8220;{}&#8220; sticky_enabled=&#8220;0&#8243; alt=&#8220;Cranium&#8220; title_text=&#8220;Color illustration of Frankenstein head&#8220;][\/et_pb_image][\/et_pb_column][\/et_pb_row][et_pb_row admin_label=&#8220;Zeile Teiler&#8220; _builder_version=&#8220;4.16&#8243; collapsed=&#8220;on&#8220; global_colors_info=&#8220;{}&#8220;][et_pb_column type=&#8220;4_4&#8243; _builder_version=&#8220;4.16&#8243; global_colors_info=&#8220;{}&#8220;][et_pb_divider admin_label=&#8220;Teiler&#8220; _builder_version=&#8220;4.16&#8243; global_colors_info=&#8220;{}&#8220;][\/et_pb_divider][\/et_pb_column][\/et_pb_row][et_pb_row column_structure=&#8220;1_2,1_2&#8243; admin_label=&#8220;Zeile BodyReading&#8220; _builder_version=&#8220;4.16&#8243; collapsed=&#8220;off&#8220; global_colors_info=&#8220;{}&#8220;][et_pb_column type=&#8220;1_2&#8243; _builder_version=&#8220;4.16&#8243; global_colors_info=&#8220;{}&#8220;][et_pb_image src=&#8220;https:\/\/wohlbehandelt.de\/wp-content\/uploads\/2017\/03\/Figur_11-e1674207069763.png&#8220; admin_label=&#8220;Bild BodyReading&#8220; _builder_version=&#8220;4.16&#8243; global_colors_info=&#8220;{}&#8220;][\/et_pb_image][\/et_pb_column][et_pb_column type=&#8220;1_2&#8243; _builder_version=&#8220;4.16&#8243; global_colors_info=&#8220;{}&#8220;][et_pb_text admin_label=&#8220;Text BodyReading&#8220; _builder_version=&#8220;4.16&#8243; global_colors_info=&#8220;{}&#8220;]<\/p>\n<h2>BodyReading<\/h2>\n<p>Dieser Kurs erm\u00f6glicht Dir die Haltung Deines Patienten zu lesen, strukturelle Ver\u00e4nderungen zu erkennen und Deine Behandlungsstrategie entsprechend auszurichten. Das Verst\u00e4ndnis f\u00fcr die Relation der K\u00f6rperregionen zueinander ist die Basis f\u00fcr effektive Behandlung mit lang anhaltenden Behandlungserfolg. Du lernst Fehlhaltungen und myofasziale Verschiebungen erkennen und einen entsprechenden Behandlungsplan zu entwerfen.<\/p>\n<p>Dieser Kurs steht allen interessierten Therapeuten der manuellen Therapie offen, insbesondere Rolfern, Physio- und Bewegungs-Therapeuten, Osteopathen oder Chiropraktikern. Aber auch Yoga, Pilates und andere Bewegungstherapeuten profitieren vom Bodyreading.<\/p>\n<p>Der Kurs erstreckt sich \u00fcber 2,5 Tage (20 Stunden), meist von Freitag mittag bis Sonntag abend.<\/p>\n<p>[\/et_pb_text][\/et_pb_column][\/et_pb_row][\/et_pb_section]<\/p>\n","protected":false},"excerpt":{"rendered":"<p>Mein Name ist Wolfgang Weise, Jahrgang 1960, und lebe im sch\u00f6nen Schongau, Bayern. Als Therapeut bin ich spezialisiert auf die Bowen Therapie sowie auf die Strukturelle Integration gem\u00e4\u00df\u00a0der Methoden von Frau Dr. Ida Rolf. Durch zahlreiche Weiterbildungen, insbesondere in den Techniken von Sharon Wheeler habe ich zus\u00e4tzlich ein Schulungsangebot aufgebaut. Neben meiner Praxis biete ich [&hellip;]<\/p>\n","protected":false},"author":1,"featured_media":0,"parent":0,"menu_order":0,"comment_status":"closed","ping_status":"closed","template":"","meta":{"_et_pb_use_builder":"on","_et_pb_old_content":"","_et_gb_content_width":"","footnotes":""},"class_list":["post-928","page","type-page","status-publish","hentry"],"_links":{"self":[{"href":"https:\/\/wohlbehandelt.de\/index.php?rest_route=\/wp\/v2\/pages\/928","targetHints":{"allow":["GET"]}}],"collection":[{"href":"https:\/\/wohlbehandelt.de\/index.php?rest_route=\/wp\/v2\/pages"}],"about":[{"href":"https:\/\/wohlbehandelt.de\/index.php?rest_route=\/wp\/v2\/types\/page"}],"author":[{"embeddable":true,"href":"https:\/\/wohlbehandelt.de\/index.php?rest_route=\/wp\/v2\/users\/1"}],"replies":[{"embeddable":true,"href":"https:\/\/wohlbehandelt.de\/index.php?rest_route=%2Fwp%2Fv2%2Fcomments&post=928"}],"version-history":[{"count":54,"href":"https:\/\/wohlbehandelt.de\/index.php?rest_route=\/wp\/v2\/pages\/928\/revisions"}],"predecessor-version":[{"id":1077,"href":"https:\/\/wohlbehandelt.de\/index.php?rest_route=\/wp\/v2\/pages\/928\/revisions\/1077"}],"wp:attachment":[{"href":"https:\/\/wohlbehandelt.de\/index.php?rest_route=%2Fwp%2Fv2%2Fmedia&parent=928"}],"curies":[{"name":"wp","href":"https:\/\/api.w.org\/{rel}","templated":true}]}}